{"id":923,"date":"2023-05-15T09:58:44","date_gmt":"2023-05-15T07:58:44","guid":{"rendered":"http:\/\/sls.agentur-reppa.de\/wordpress\/qualite\/"},"modified":"2025-07-30T13:59:36","modified_gmt":"2025-07-30T11:59:36","slug":"qualite","status":"publish","type":"page","link":"https:\/\/www.sls-kunststoffprofile.de\/fr\/qualite\/","title":{"rendered":"QUALIT\u00c9"},"content":{"rendered":"","protected":false},"excerpt":{"rendered":"","protected":false},"author":1,"featured_media":0,"parent":0,"menu_order":0,"comment_status":"open","ping_status":"closed","template":"","meta":{"footnotes":""},"class_list":["post-923","page","type-page","status-publish","hentry"],"yoast_head":"<!-- This site is optimized with the Yoast SEO plugin v27.4 - https:\/\/yoast.com\/product\/yoast-seo-wordpress\/ -->\n<title>QUALIT\u00c9 - SLS Kunststoffprofile<\/title>\n<meta name=\"description\" content=\"Zertifizierungen nach nationalen und internationalen Normen f\u00fcr Ihre Kunststoffprofile. Wir arbeiten mit hohen Qualit\u00e4tsanspr\u00fcchen sowie nachhaltiger Produktion.\" \/>\n<meta name=\"robots\" content=\"index, follow, max-snippet:-1, max-image-preview:large, max-video-preview:-1\" \/>\n<link rel=\"canonical\" href=\"https:\/\/www.sls-kunststoffprofile.de\/qualitaetsprofile-mit-zertifikat-nachhaltiges-recycling-hohe-qualitaet-und-nachhaltige-produktion-von-kunststoffprofilen\/\" \/>\n<meta property=\"og:locale\" content=\"fr_FR\" \/>\n<meta property=\"og:type\" content=\"article\" \/>\n<meta property=\"og:title\" content=\"QUALIT\u00c9 - SLS Kunststoffprofile\" \/>\n<meta property=\"og:description\" content=\"Zertifizierungen nach nationalen und internationalen Normen f\u00fcr Ihre Kunststoffprofile. Wir arbeiten mit hohen Qualit\u00e4tsanspr\u00fcchen sowie nachhaltiger Produktion.\" \/>\n<meta property=\"og:url\" content=\"https:\/\/www.sls-kunststoffprofile.de\/qualitaetsprofile-mit-zertifikat-nachhaltiges-recycling-hohe-qualitaet-und-nachhaltige-produktion-von-kunststoffprofilen\/\" \/>\n<meta property=\"og:site_name\" content=\"SLS Kunststoffprofile\" \/>\n<meta property=\"article:publisher\" content=\"https:\/\/www.facebook.com\/SLSKunststoffprofile\/\" \/>\n<meta property=\"article:modified_time\" content=\"2025-07-30T11:59:36+00:00\" \/>\n<meta name=\"twitter:card\" content=\"summary_large_image\" \/>\n<script type=\"application\/ld+json\" class=\"yoast-schema-graph\">{\"@context\":\"https:\\\/\\\/schema.org\",\"@graph\":[{\"@type\":\"WebPage\",\"@id\":\"https:\\\/\\\/www.sls-kunststoffprofile.de\\\/qualitaetsprofile-mit-zertifikat-nachhaltiges-recycling-hohe-qualitaet-und-nachhaltige-produktion-von-kunststoffprofilen\\\/\",\"url\":\"https:\\\/\\\/www.sls-kunststoffprofile.de\\\/qualitaetsprofile-mit-zertifikat-nachhaltiges-recycling-hohe-qualitaet-und-nachhaltige-produktion-von-kunststoffprofilen\\\/\",\"name\":\"QUALIT\u00c9 - SLS Kunststoffprofile\",\"isPartOf\":{\"@id\":\"https:\\\/\\\/www.sls-kunststoffprofile.de\\\/#website\"},\"datePublished\":\"2023-05-15T07:58:44+00:00\",\"dateModified\":\"2025-07-30T11:59:36+00:00\",\"description\":\"Zertifizierungen nach nationalen und internationalen Normen f\u00fcr Ihre Kunststoffprofile. Wir arbeiten mit hohen Qualit\u00e4tsanspr\u00fcchen sowie nachhaltiger Produktion.\",\"breadcrumb\":{\"@id\":\"https:\\\/\\\/www.sls-kunststoffprofile.de\\\/qualitaetsprofile-mit-zertifikat-nachhaltiges-recycling-hohe-qualitaet-und-nachhaltige-produktion-von-kunststoffprofilen\\\/#breadcrumb\"},\"inLanguage\":\"fr-FR\",\"potentialAction\":[{\"@type\":\"ReadAction\",\"target\":[\"https:\\\/\\\/www.sls-kunststoffprofile.de\\\/qualitaetsprofile-mit-zertifikat-nachhaltiges-recycling-hohe-qualitaet-und-nachhaltige-produktion-von-kunststoffprofilen\\\/\"]}]},{\"@type\":\"BreadcrumbList\",\"@id\":\"https:\\\/\\\/www.sls-kunststoffprofile.de\\\/qualitaetsprofile-mit-zertifikat-nachhaltiges-recycling-hohe-qualitaet-und-nachhaltige-produktion-von-kunststoffprofilen\\\/#breadcrumb\",\"itemListElement\":[{\"@type\":\"ListItem\",\"position\":1,\"name\":\"Startseite\",\"item\":\"https:\\\/\\\/www.sls-kunststoffprofile.de\\\/\"},{\"@type\":\"ListItem\",\"position\":2,\"name\":\"QUALIT\u00c9\"}]},{\"@type\":\"WebSite\",\"@id\":\"https:\\\/\\\/www.sls-kunststoffprofile.de\\\/#website\",\"url\":\"https:\\\/\\\/www.sls-kunststoffprofile.de\\\/\",\"name\":\"SLS Kunststoffprofile\",\"description\":\"\",\"potentialAction\":[{\"@type\":\"SearchAction\",\"target\":{\"@type\":\"EntryPoint\",\"urlTemplate\":\"https:\\\/\\\/www.sls-kunststoffprofile.de\\\/?s={search_term_string}\"},\"query-input\":{\"@type\":\"PropertyValueSpecification\",\"valueRequired\":true,\"valueName\":\"search_term_string\"}}],\"inLanguage\":\"fr-FR\"}]}<\/script>\n<!-- \/ Yoast SEO plugin. -->","yoast_head_json":{"title":"QUALIT\u00c9 - SLS Kunststoffprofile","description":"Zertifizierungen nach nationalen und internationalen Normen f\u00fcr Ihre Kunststoffprofile. Wir arbeiten mit hohen Qualit\u00e4tsanspr\u00fcchen sowie nachhaltiger Produktion.","robots":{"index":"index","follow":"follow","max-snippet":"max-snippet:-1","max-image-preview":"max-image-preview:large","max-video-preview":"max-video-preview:-1"},"canonical":"https:\/\/www.sls-kunststoffprofile.de\/qualitaetsprofile-mit-zertifikat-nachhaltiges-recycling-hohe-qualitaet-und-nachhaltige-produktion-von-kunststoffprofilen\/","og_locale":"fr_FR","og_type":"article","og_title":"QUALIT\u00c9 - SLS Kunststoffprofile","og_description":"Zertifizierungen nach nationalen und internationalen Normen f\u00fcr Ihre Kunststoffprofile. Wir arbeiten mit hohen Qualit\u00e4tsanspr\u00fcchen sowie nachhaltiger Produktion.","og_url":"https:\/\/www.sls-kunststoffprofile.de\/qualitaetsprofile-mit-zertifikat-nachhaltiges-recycling-hohe-qualitaet-und-nachhaltige-produktion-von-kunststoffprofilen\/","og_site_name":"SLS Kunststoffprofile","article_publisher":"https:\/\/www.facebook.com\/SLSKunststoffprofile\/","article_modified_time":"2025-07-30T11:59:36+00:00","twitter_card":"summary_large_image","schema":{"@context":"https:\/\/schema.org","@graph":[{"@type":"WebPage","@id":"https:\/\/www.sls-kunststoffprofile.de\/qualitaetsprofile-mit-zertifikat-nachhaltiges-recycling-hohe-qualitaet-und-nachhaltige-produktion-von-kunststoffprofilen\/","url":"https:\/\/www.sls-kunststoffprofile.de\/qualitaetsprofile-mit-zertifikat-nachhaltiges-recycling-hohe-qualitaet-und-nachhaltige-produktion-von-kunststoffprofilen\/","name":"QUALIT\u00c9 - SLS Kunststoffprofile","isPartOf":{"@id":"https:\/\/www.sls-kunststoffprofile.de\/#website"},"datePublished":"2023-05-15T07:58:44+00:00","dateModified":"2025-07-30T11:59:36+00:00","description":"Zertifizierungen nach nationalen und internationalen Normen f\u00fcr Ihre Kunststoffprofile. Wir arbeiten mit hohen Qualit\u00e4tsanspr\u00fcchen sowie nachhaltiger Produktion.","breadcrumb":{"@id":"https:\/\/www.sls-kunststoffprofile.de\/qualitaetsprofile-mit-zertifikat-nachhaltiges-recycling-hohe-qualitaet-und-nachhaltige-produktion-von-kunststoffprofilen\/#breadcrumb"},"inLanguage":"fr-FR","potentialAction":[{"@type":"ReadAction","target":["https:\/\/www.sls-kunststoffprofile.de\/qualitaetsprofile-mit-zertifikat-nachhaltiges-recycling-hohe-qualitaet-und-nachhaltige-produktion-von-kunststoffprofilen\/"]}]},{"@type":"BreadcrumbList","@id":"https:\/\/www.sls-kunststoffprofile.de\/qualitaetsprofile-mit-zertifikat-nachhaltiges-recycling-hohe-qualitaet-und-nachhaltige-produktion-von-kunststoffprofilen\/#breadcrumb","itemListElement":[{"@type":"ListItem","position":1,"name":"Startseite","item":"https:\/\/www.sls-kunststoffprofile.de\/"},{"@type":"ListItem","position":2,"name":"QUALIT\u00c9"}]},{"@type":"WebSite","@id":"https:\/\/www.sls-kunststoffprofile.de\/#website","url":"https:\/\/www.sls-kunststoffprofile.de\/","name":"SLS Kunststoffprofile","description":"","potentialAction":[{"@type":"SearchAction","target":{"@type":"EntryPoint","urlTemplate":"https:\/\/www.sls-kunststoffprofile.de\/?s={search_term_string}"},"query-input":{"@type":"PropertyValueSpecification","valueRequired":true,"valueName":"search_term_string"}}],"inLanguage":"fr-FR"}]}},"_links":{"self":[{"href":"https:\/\/www.sls-kunststoffprofile.de\/fr\/wp-json\/wp\/v2\/pages\/923","targetHints":{"allow":["GET"]}}],"collection":[{"href":"https:\/\/www.sls-kunststoffprofile.de\/fr\/wp-json\/wp\/v2\/pages"}],"about":[{"href":"https:\/\/www.sls-kunststoffprofile.de\/fr\/wp-json\/wp\/v2\/types\/page"}],"author":[{"embeddable":true,"href":"https:\/\/www.sls-kunststoffprofile.de\/fr\/wp-json\/wp\/v2\/users\/1"}],"replies":[{"embeddable":true,"href":"https:\/\/www.sls-kunststoffprofile.de\/fr\/wp-json\/wp\/v2\/comments?post=923"}],"version-history":[{"count":1,"href":"https:\/\/www.sls-kunststoffprofile.de\/fr\/wp-json\/wp\/v2\/pages\/923\/revisions"}],"predecessor-version":[{"id":946,"href":"https:\/\/www.sls-kunststoffprofile.de\/fr\/wp-json\/wp\/v2\/pages\/923\/revisions\/946"}],"wp:attachment":[{"href":"https:\/\/www.sls-kunststoffprofile.de\/fr\/wp-json\/wp\/v2\/media?parent=923"}],"curies":[{"name":"wp","href":"https:\/\/api.w.org\/{rel}","templated":true}]}}